{"id":68,"date":"2023-04-13T23:12:26","date_gmt":"2023-04-13T21:12:26","guid":{"rendered":"http:\/\/formations-bl.fr\/?page_id=68"},"modified":"2023-08-25T11:14:52","modified_gmt":"2023-08-25T09:14:52","slug":"qui-sommes-nous","status":"publish","type":"page","link":"https:\/\/formations-bl.fr\/?page_id=68","title":{"rendered":"Qui sommes-nous"},"content":{"rendered":"\n<h2 class=\"wp-block-heading\"><strong>Bruno Lesp\u00e9 repr\u00e9sente BL formations sp\u00e9cialis\u00e9 dans la formation \u00ab&nbsp;relationnelle&nbsp;\u00bb<\/strong><\/h2>\n\n\n\n<p>Ayant exerc\u00e9 les fonctions de manager de proximit\u00e9 dans les m\u00e9tiers du contr\u00f4le des titres de transport, dans le cadre de la maintenance d\u2019\u00e9quipement et dans le domaine de la formation continue, j\u2019ai l\u2019intime conviction que la bonne relation \u00e0 l\u2019autre qu\u2019il soit client ou collaborateur est la pierre angulaire de la performance, du bien-\u00eatre au travail.<\/p>\n\n\n\n<p>Dans un mode num\u00e9rique, ou la rapidit\u00e9, l\u2019efficacit\u00e9 est le maitre mot, la relation \u00e0 l\u2019autre est de plus en plus chaotique, difficile voire conflictuel. La gestion ou non des frustrations est source de souffrance partag\u00e9e, en particulier au travail.<\/p>\n\n\n\n<p>La formation, sans \u00eatre une r\u00e9ponse, est un moyen d\u2019am\u00e9liorer, de rendre efficace les situations de relation \u00e0 l\u2019autre&nbsp;<\/p>\n\n\n\n<p>Pour moi deux axes sont incontournables&nbsp;: le positionnement dans le cadre professionnel et la connaissance de ses propres fonctionnements<\/p>\n\n\n\n<p><strong>BL formations<\/strong> vous propose <strong>de construire avec vous<\/strong> des cursus adapt\u00e9s \u00e0 vos demandes, \u00e0 vos besoins afin d\u2019atteindre vos objectifs. Cursus tenant compte des caract\u00e9ristiques, des sp\u00e9cificit\u00e9s des m\u00e9tiers concern\u00e9s par la formation, de leurs exigences, des leurs contraintes.<strong>, <\/strong>du temps dont vous disposer.<\/p>\n\n\n\n<p>Parcours de formation articul\u00e9 sur les notions de Communication, de Relationnel, de conflit, pouvant \u00eatre compl\u00e9ter, enrichit en fonction de l\u2019analyse de vos besoins, de vos objectifs, de vos attente<\/p>\n\n\n\n<p><strong>Notre parti pris p\u00e9dagogique<\/strong> est simple le moteur de l\u2019apprentissage, de l\u2019acquisition de comp\u00e9tences, chez les adultes, est la mise en situation, la confrontation \u00e0 ses exp\u00e9riences afin de compl\u00e9ter ses savoirs et ses savoir-faire.&nbsp;<\/p>\n\n\n\n<p><strong>Notre approche p\u00e9dagogique<\/strong>associe donc de fa\u00e7on ludique l\u2019acquisition d\u2019outils, les \u00e9tudes de cas pratiques et les mises en situation issues de votre r\u00e9alit\u00e9.<\/p>\n\n\n\n<p>La formation a donc pour finalit\u00e9 de conforter et\/ou am\u00e9liorer les bonnes pratiques des stagiaires dans le cadre de leur activit\u00e9 professionnelle.<\/p>\n\n\n\n<p><strong>BL formations <\/strong>s\u2019appuie sur une exp\u00e9rience de formations en direction des inspecteurs des permis de conduire, des managers de \u00ab&nbsp;proximit\u00e9&nbsp;\u00bb au sein de Groupe RATP, de m\u00e9diateurs sociaux, de gardiens d\u2019immeubles,\u2026<\/p>\n\n\n\n<p><strong><em>Notre devise en formation : Se former pour Comprendre, Comprendre pour Agir.&nbsp;<\/em><\/strong><\/p>\n\n\n\n<p><strong>BL formations d\u00e9veloppe<\/strong> en parall\u00e8le une expertise dans le domaine de la pr\u00e9vention des risques, nous vous proposons, dans ce cadre de construire avec vous des actions de sensibilisations, de formations \u00e0 destination de vos collaborateurs<\/p>\n\n\n\n<p><strong><em>Notre devise en pr\u00e9vention&nbsp;: La pr\u00e9vention se partage, la s\u00e9curit\u00e9 ne se discute pas.<\/em><\/strong><\/p>\n\n\n\n<figure class=\"wp-block-image size-large\"><img loading=\"lazy\" decoding=\"async\" width=\"683\" height=\"1024\" src=\"http:\/\/formations-bl.fr\/wp-content\/uploads\/2023\/08\/DSC_5475-768x1152-1-683x1024.jpeg\" alt=\"BRUNO LESPE\" class=\"wp-image-159\" srcset=\"https:\/\/formations-bl.fr\/wp-content\/uploads\/2023\/08\/DSC_5475-768x1152-1-683x1024.jpeg 683w, https:\/\/formations-bl.fr\/wp-content\/uploads\/2023\/08\/DSC_5475-768x1152-1-200x300.jpeg 200w, https:\/\/formations-bl.fr\/wp-content\/uploads\/2023\/08\/DSC_5475-768x1152-1.jpeg 768w\" sizes=\"auto, (max-width: 683px) 100vw, 683px\" \/><\/figure>\n\n\n\n<div style=\"height:27px\" aria-hidden=\"true\" class=\"wp-block-spacer\"><\/div>\n","protected":false},"excerpt":{"rendered":"<p>Bruno Lesp\u00e9 repr\u00e9sente BL formations sp\u00e9cialis\u00e9 dans la formation \u00ab&nbsp;relationnelle&nbsp;\u00bb Ayant exerc\u00e9 les fonctions de manager de proximit\u00e9 dans les m\u00e9tiers du contr\u00f4le des titres de transport, dans le cadre de la maintenance d\u2019\u00e9quipement et dans le domaine de la formation continue, j\u2019ai l\u2019intime conviction que la bonne relation \u00e0 [&hellip;]<\/p>\n","protected":false},"author":1,"featured_media":70,"parent":0,"menu_order":0,"comment_status":"closed","ping_status":"closed","template":"","meta":{"footnotes":""},"class_list":["post-68","page","type-page","status-publish","has-post-thumbnail","hentry"],"yoast_head":"<!-- This site is optimized with the Yoast SEO plugin v20.4 - https:\/\/yoast.com\/wordpress\/plugins\/seo\/ -->\n<title>Qui sommes-nous - BL FORMATIONS<\/title>\n<meta name=\"description\" content=\"BL conseils et formations a su d\u00e9velopper des produits \u00e0 destination d\u2019un public dont l\u2019activit\u00e9 principale est la relation \u00e0 l\u2019autre.\" \/>\n<meta name=\"robots\" content=\"index, follow, max-snippet:-1, max-image-preview:large, max-video-preview:-1\" \/>\n<link rel=\"canonical\" href=\"https:\/\/formations-bl.fr\/?page_id=68\" \/>\n<meta property=\"og:locale\" content=\"fr_FR\" \/>\n<meta property=\"og:type\" content=\"article\" \/>\n<meta property=\"og:title\" content=\"Qui sommes-nous - BL FORMATIONS\" \/>\n<meta property=\"og:description\" content=\"BL conseils et formations a su d\u00e9velopper des produits \u00e0 destination d\u2019un public dont l\u2019activit\u00e9 principale est la relation \u00e0 l\u2019autre.\" \/>\n<meta property=\"og:url\" content=\"https:\/\/formations-bl.fr\/?page_id=68\" \/>\n<meta property=\"og:site_name\" content=\"BL FORMATIONS\" \/>\n<meta property=\"article:modified_time\" content=\"2023-08-25T09:14:52+00:00\" \/>\n<meta property=\"og:image\" content=\"https:\/\/formations-bl.fr\/wp-content\/uploads\/2023\/04\/meeting-ge08f8b682_1920.jpg\" \/>\n\t<meta property=\"og:image:width\" content=\"1920\" \/>\n\t<meta property=\"og:image:height\" content=\"1276\" \/>\n\t<meta property=\"og:image:type\" content=\"image\/jpeg\" \/>\n<meta name=\"twitter:card\" content=\"summary_large_image\" \/>\n<meta name=\"twitter:label1\" content=\"Dur\u00e9e de lecture estim\u00e9e\" \/>\n\t<meta name=\"twitter:data1\" content=\"3 minutes\" \/>\n<script type=\"application\/ld+json\" class=\"yoast-schema-graph\">{\"@context\":\"https:\/\/schema.org\",\"@graph\":[{\"@type\":\"WebPage\",\"@id\":\"https:\/\/formations-bl.fr\/?page_id=68\",\"url\":\"https:\/\/formations-bl.fr\/?page_id=68\",\"name\":\"Qui sommes-nous - BL FORMATIONS\",\"isPartOf\":{\"@id\":\"https:\/\/formations-bl.fr\/#website\"},\"datePublished\":\"2023-04-13T21:12:26+00:00\",\"dateModified\":\"2023-08-25T09:14:52+00:00\",\"description\":\"BL conseils et formations a su d\u00e9velopper des produits \u00e0 destination d\u2019un public dont l\u2019activit\u00e9 principale est la relation \u00e0 l\u2019autre.\",\"breadcrumb\":{\"@id\":\"https:\/\/formations-bl.fr\/?page_id=68#breadcrumb\"},\"inLanguage\":\"fr-FR\",\"potentialAction\":[{\"@type\":\"ReadAction\",\"target\":[\"https:\/\/formations-bl.fr\/?page_id=68\"]}]},{\"@type\":\"BreadcrumbList\",\"@id\":\"https:\/\/formations-bl.fr\/?page_id=68#breadcrumb\",\"itemListElement\":[{\"@type\":\"ListItem\",\"position\":1,\"name\":\"Accueil\",\"item\":\"https:\/\/formations-bl.fr\/\"},{\"@type\":\"ListItem\",\"position\":2,\"name\":\"Qui sommes-nous\"}]},{\"@type\":\"WebSite\",\"@id\":\"https:\/\/formations-bl.fr\/#website\",\"url\":\"https:\/\/formations-bl.fr\/\",\"name\":\"Formations Bruno Lespe\",\"description\":\"Bruno Lespe Formations\",\"publisher\":{\"@id\":\"https:\/\/formations-bl.fr\/#organization\"},\"potentialAction\":[{\"@type\":\"SearchAction\",\"target\":{\"@type\":\"EntryPoint\",\"urlTemplate\":\"https:\/\/formations-bl.fr\/?s={search_term_string}\"},\"query-input\":\"required name=search_term_string\"}],\"inLanguage\":\"fr-FR\"},{\"@type\":\"Organization\",\"@id\":\"https:\/\/formations-bl.fr\/#organization\",\"name\":\"Formations BL\",\"url\":\"https:\/\/formations-bl.fr\/\",\"logo\":{\"@type\":\"ImageObject\",\"inLanguage\":\"fr-FR\",\"@id\":\"https:\/\/formations-bl.fr\/#\/schema\/logo\/image\/\",\"url\":\"https:\/\/formations-bl.fr\/wp-content\/uploads\/2023\/04\/cropped-LOGO-BL-FORMATIONS.png\",\"contentUrl\":\"https:\/\/formations-bl.fr\/wp-content\/uploads\/2023\/04\/cropped-LOGO-BL-FORMATIONS.png\",\"width\":1063,\"height\":993,\"caption\":\"Formations BL\"},\"image\":{\"@id\":\"https:\/\/formations-bl.fr\/#\/schema\/logo\/image\/\"}}]}<\/script>\n<!-- \/ Yoast SEO plugin. -->","yoast_head_json":{"title":"Qui sommes-nous - BL FORMATIONS","description":"BL conseils et formations a su d\u00e9velopper des produits \u00e0 destination d\u2019un public dont l\u2019activit\u00e9 principale est la relation \u00e0 l\u2019autre.","robots":{"index":"index","follow":"follow","max-snippet":"max-snippet:-1","max-image-preview":"max-image-preview:large","max-video-preview":"max-video-preview:-1"},"canonical":"https:\/\/formations-bl.fr\/?page_id=68","og_locale":"fr_FR","og_type":"article","og_title":"Qui sommes-nous - BL FORMATIONS","og_description":"BL conseils et formations a su d\u00e9velopper des produits \u00e0 destination d\u2019un public dont l\u2019activit\u00e9 principale est la relation \u00e0 l\u2019autre.","og_url":"https:\/\/formations-bl.fr\/?page_id=68","og_site_name":"BL FORMATIONS","article_modified_time":"2023-08-25T09:14:52+00:00","og_image":[{"width":1920,"height":1276,"url":"https:\/\/formations-bl.fr\/wp-content\/uploads\/2023\/04\/meeting-ge08f8b682_1920.jpg","type":"image\/jpeg"}],"twitter_card":"summary_large_image","twitter_misc":{"Dur\u00e9e de lecture estim\u00e9e":"3 minutes"},"schema":{"@context":"https:\/\/schema.org","@graph":[{"@type":"WebPage","@id":"https:\/\/formations-bl.fr\/?page_id=68","url":"https:\/\/formations-bl.fr\/?page_id=68","name":"Qui sommes-nous - BL FORMATIONS","isPartOf":{"@id":"https:\/\/formations-bl.fr\/#website"},"datePublished":"2023-04-13T21:12:26+00:00","dateModified":"2023-08-25T09:14:52+00:00","description":"BL conseils et formations a su d\u00e9velopper des produits \u00e0 destination d\u2019un public dont l\u2019activit\u00e9 principale est la relation \u00e0 l\u2019autre.","breadcrumb":{"@id":"https:\/\/formations-bl.fr\/?page_id=68#breadcrumb"},"inLanguage":"fr-FR","potentialAction":[{"@type":"ReadAction","target":["https:\/\/formations-bl.fr\/?page_id=68"]}]},{"@type":"BreadcrumbList","@id":"https:\/\/formations-bl.fr\/?page_id=68#breadcrumb","itemListElement":[{"@type":"ListItem","position":1,"name":"Accueil","item":"https:\/\/formations-bl.fr\/"},{"@type":"ListItem","position":2,"name":"Qui sommes-nous"}]},{"@type":"WebSite","@id":"https:\/\/formations-bl.fr\/#website","url":"https:\/\/formations-bl.fr\/","name":"Formations Bruno Lespe","description":"Bruno Lespe Formations","publisher":{"@id":"https:\/\/formations-bl.fr\/#organization"},"potentialAction":[{"@type":"SearchAction","target":{"@type":"EntryPoint","urlTemplate":"https:\/\/formations-bl.fr\/?s={search_term_string}"},"query-input":"required name=search_term_string"}],"inLanguage":"fr-FR"},{"@type":"Organization","@id":"https:\/\/formations-bl.fr\/#organization","name":"Formations BL","url":"https:\/\/formations-bl.fr\/","logo":{"@type":"ImageObject","inLanguage":"fr-FR","@id":"https:\/\/formations-bl.fr\/#\/schema\/logo\/image\/","url":"https:\/\/formations-bl.fr\/wp-content\/uploads\/2023\/04\/cropped-LOGO-BL-FORMATIONS.png","contentUrl":"https:\/\/formations-bl.fr\/wp-content\/uploads\/2023\/04\/cropped-LOGO-BL-FORMATIONS.png","width":1063,"height":993,"caption":"Formations BL"},"image":{"@id":"https:\/\/formations-bl.fr\/#\/schema\/logo\/image\/"}}]}},"_links":{"self":[{"href":"https:\/\/formations-bl.fr\/index.php?rest_route=\/wp\/v2\/pages\/68","targetHints":{"allow":["GET"]}}],"collection":[{"href":"https:\/\/formations-bl.fr\/index.php?rest_route=\/wp\/v2\/pages"}],"about":[{"href":"https:\/\/formations-bl.fr\/index.php?rest_route=\/wp\/v2\/types\/page"}],"author":[{"embeddable":true,"href":"https:\/\/formations-bl.fr\/index.php?rest_route=\/wp\/v2\/users\/1"}],"replies":[{"embeddable":true,"href":"https:\/\/formations-bl.fr\/index.php?rest_route=%2Fwp%2Fv2%2Fcomments&post=68"}],"version-history":[{"count":10,"href":"https:\/\/formations-bl.fr\/index.php?rest_route=\/wp\/v2\/pages\/68\/revisions"}],"predecessor-version":[{"id":163,"href":"https:\/\/formations-bl.fr\/index.php?rest_route=\/wp\/v2\/pages\/68\/revisions\/163"}],"wp:featuredmedia":[{"embeddable":true,"href":"https:\/\/formations-bl.fr\/index.php?rest_route=\/wp\/v2\/media\/70"}],"wp:attachment":[{"href":"https:\/\/formations-bl.fr\/index.php?rest_route=%2Fwp%2Fv2%2Fmedia&parent=68"}],"curies":[{"name":"wp","href":"https:\/\/api.w.org\/{rel}","templated":true}]}}